{"id":112,"date":"2025-12-01T16:09:27","date_gmt":"2025-12-01T15:09:27","guid":{"rendered":"https:\/\/jobleo.bplaced.net\/kroatien\/?page_id=112"},"modified":"2026-02-24T09:10:20","modified_gmt":"2026-02-24T08:10:20","slug":"willkommen-dobrodosao","status":"publish","type":"page","link":"https:\/\/jobleo.bplaced.net\/kroatien\/willkommen-dobrodosao\/","title":{"rendered":"Willkommen &#8211; Dobrodosao"},"content":{"rendered":"\n<div class=\"wp-block-media-text alignwide is-stacked-on-mobile is-image-fill-element\"><figure class=\"wp-block-media-text__media\"><img loading=\"lazy\" decoding=\"async\" width=\"1024\" height=\"512\" src=\"https:\/\/jobleo.bplaced.net\/kroatien\/wp-content\/uploads\/2025\/11\/fahne-1024x512.png\" alt=\"\" class=\"wp-image-12 size-full\" style=\"object-position:50% 50%\" srcset=\"https:\/\/jobleo.bplaced.net\/kroatien\/wp-content\/uploads\/2025\/11\/fahne-1024x512.png 1024w, https:\/\/jobleo.bplaced.net\/kroatien\/wp-content\/uploads\/2025\/11\/fahne-300x150.png 300w, https:\/\/jobleo.bplaced.net\/kroatien\/wp-content\/uploads\/2025\/11\/fahne-768x384.png 768w, https:\/\/jobleo.bplaced.net\/kroatien\/wp-content\/uploads\/2025\/11\/fahne-1536x768.png 1536w, https:\/\/jobleo.bplaced.net\/kroatien\/wp-content\/uploads\/2025\/11\/fahne-2048x1024.png 2048w, https:\/\/jobleo.bplaced.net\/kroatien\/wp-content\/uploads\/2025\/11\/fahne-200x100.png 200w, https:\/\/jobleo.bplaced.net\/kroatien\/wp-content\/uploads\/2025\/11\/fahne-2000x1000.png 2000w\" sizes=\"auto, (max-width: 1024px) 100vw, 1024px\" \/><\/figure><div class=\"wp-block-media-text__content\">\n<p class=\"has-text-align-center has-x-large-font-size\">Kroatien ist ein <strong><em>kleines Land<\/em><\/strong> mit unglaublicher Vielfalt und z\u00e4hlt mit seiner K\u00fcste zu den sch\u00f6nsten und abwechslungsreichsten L\u00e4ndern Europas. Es verzaubert und fasziniert zugleich j\u00e4hrlich Millionen von Besucher:innen.<\/p>\n<\/div><\/div>\n\n\n\n<div style=\"height:8rem\" aria-hidden=\"true\" class=\"wp-block-spacer\"><\/div>\n\n\n\n<div class=\"wp-block-group alignwide is-layout-grid wp-container-core-group-is-layout-e766bbef wp-block-group-is-layout-grid\">\n<p>Die Republik Kroatien (Republik Hrvatska) ist ein mediterraner, mitteleurop\u00e4ischer Staat und hat ein Gr\u00f6\u00dfe von mehr als 56.000 Quadratkilometern. Als Nachbarl\u00e4nder grenzen Slowenien, Ungarn, Serbien, Bosnien und Herzegowina, Montenegro und Italien (Seegrenze) an Kroatien. Das Land ist meist h\u00fcgelig und im K\u00fcstengebiet gibt es unz\u00e4hlige Inseln. Zu Kroatien geh\u00f6ren noch rund 32.000 Quadratkilometer Meer. Lange, warme Sommer und kalte Winter pr\u00e4gen das Klima. Der Fr\u00fchling und der Herbst sind weniger ausgepr\u00e4gt.<\/p>\n\n\n\n<p>Der kroatische Staat hat jedoch mehr als nur eine wundersch\u00f6ne K\u00fcstenregion zu bieten. In Inland finden Naturfreunde, Bergsteiger, Wintersportler und J\u00e4ger jede Menge Natursch\u00f6nheiten. Es gibt viel zu entdecken. Bereits jetzt sind 7,5 % des Landes gesch\u00fctzt. Diese Fl\u00e4che soll auf das doppelte vergr\u00f6\u00dfert werden und Kroatien stellt somit f\u00fcr Europa ein sehr wertvolles \u00f6kologisch reines Gebiet dar.<\/p>\n\n\n\n<p>Zagreb ist die Landeshauptstadt und z\u00e4hlt man die Vororte hinzu leben hier 1 Mio. Menschen. 1994 feierte Zagreb 900 Jahre Bistumsgr\u00fcndung. Insgesamt hat Kroatien 5 Mio. Einwohner, hiervon sind 90 % Kroaten. Die restlichen 10% setzen sich haupts\u00e4chlich aus Serben, Ungarn, Italienern, Deutschen und anderen Staaten zusammen. Viele kroatische Staatsangeh\u00f6rige leben im Ausland, z.B. 215.000 in Deutschland.<\/p>\n\n\n\n<p>Die Landessprache ist Kroatisch, jedoch ist in stark ethnischen Gebieten die Amtssprache Serbisch, Ungarisch und Italienisch. Der \u00fcberwiegende Teil \u00fcbt die r\u00f6misch-katholische Religion aus, in der Minderheit hingegen befinden sich die serbisch-orthodoxen und muslimisch Gl\u00e4ubigen. Der 25. Juni ist der Nationalfeiertag, denn am 25.06.1991 wurde die Unabh\u00e4ngigkeitserkl\u00e4rung abgegeben. Mittlerweile hat Kroatien den Euro als Landesw\u00e4hrung eingef\u00fchrt.<\/p>\n<\/div>\n\n\n\n<div class=\"wp-block-cover alignfull is-light has-parallax\" style=\"min-height:500px;aspect-ratio:unset;\"><div class=\"wp-block-cover__image-background wp-image-20 size-large has-parallax\" style=\"background-position:50% 50%;background-image:url(https:\/\/jobleo.bplaced.net\/kroatien\/wp-content\/uploads\/2025\/11\/ravnik-1024x682.jpg)\"><\/div><span aria-hidden=\"true\" class=\"wp-block-cover__background has-background-dim-70 has-background-dim\" style=\"background-color:#6185bb\"><\/span><div class=\"wp-block-cover__inner-container has-global-padding is-layout-constrained wp-block-cover-is-layout-constrained\">\n<p class=\"has-text-align-center\" style=\"font-size:clamp(1.743rem, 1.743rem + ((1vw - 0.2rem) * 1.78), 3rem);\">Wundersch\u00f6ne Inseln!<\/p>\n<\/div><\/div>\n\n\n\n<div class=\"wp-block-buttons is-content-justification-center is-layout-flex wp-container-core-buttons-is-layout-a89b3969 wp-block-buttons-is-layout-flex\">\n<div class=\"wp-block-button is-style-outline is-style-outline--1\"><a class=\"wp-block-button__link wp-element-button\" href=\"https:\/\/de.wikipedia.org\/wiki\/Kroatien\" style=\"border-radius:8px\" target=\"_blank\" rel=\"noreferrer noopener nofollow\">Information zu Kroatien<\/a><\/div>\n<\/div>\n\n\n\n<div class=\"wp-block-group has-tertiary-background-color has-background has-global-padding is-layout-constrained wp-container-core-group-is-layout-5fbedae1 wp-block-group-is-layout-constrained\" style=\"border-radius:5px;padding-top:var(--wp--preset--spacing--large);padding-right:var(--wp--preset--spacing--large);padding-bottom:var(--wp--preset--spacing--large);padding-left:var(--wp--preset--spacing--large)\">\n<div class=\"wp-block-columns are-vertically-aligned-center is-layout-flex wp-container-core-columns-is-layout-318252f0 wp-block-columns-is-layout-flex\">\n<div class=\"wp-block-column is-vertically-aligned-center is-layout-flow wp-block-column-is-layout-flow\" style=\"flex-basis:33.33%\">\n<div class=\"wp-block-cover is-light is-style-rounded-cover has-aspect-ratio\" style=\"min-height:281px;aspect-ratio:3\/4;min-height:unset;\"><img loading=\"lazy\" decoding=\"async\" width=\"1024\" height=\"682\" class=\"wp-block-cover__image-background wp-image-20 size-large\" alt=\"\" src=\"https:\/\/jobleo.bplaced.net\/kroatien\/wp-content\/uploads\/2025\/11\/ravnik-1024x682.jpg\" data-object-fit=\"cover\" srcset=\"https:\/\/jobleo.bplaced.net\/kroatien\/wp-content\/uploads\/2025\/11\/ravnik-1024x682.jpg 1024w, https:\/\/jobleo.bplaced.net\/kroatien\/wp-content\/uploads\/2025\/11\/ravnik-300x200.jpg 300w, https:\/\/jobleo.bplaced.net\/kroatien\/wp-content\/uploads\/2025\/11\/ravnik-768x512.jpg 768w, https:\/\/jobleo.bplaced.net\/kroatien\/wp-content\/uploads\/2025\/11\/ravnik-1536x1024.jpg 1536w, https:\/\/jobleo.bplaced.net\/kroatien\/wp-content\/uploads\/2025\/11\/ravnik-2048x1365.jpg 2048w\" sizes=\"auto, (max-width: 1024px) 100vw, 1024px\" \/><span aria-hidden=\"true\" class=\"wp-block-cover__background has-background-dim-0 has-background-dim\" style=\"background-color:#b8b4b6\"><\/span><div class=\"wp-block-cover__inner-container is-layout-flow wp-block-cover-is-layout-flow\">\n<p class=\"has-text-align-center\"><\/p>\n<\/div><\/div>\n<\/div>\n\n\n\n<div class=\"wp-block-column is-vertically-aligned-center is-layout-flow wp-container-core-column-is-layout-c7b3064f wp-block-column-is-layout-flow\" style=\"flex-basis:66.66%\">\n<p class=\"has-primary-color has-text-color has-small-font-size\" style=\"font-style:normal;font-weight:500\">Urlaub in Kroatien<\/p>\n\n\n\n<p class=\"has-medium-font-size\" style=\"font-style:normal;font-weight:600\">Lassen Sie sich f\u00fcr ihren n\u00e4chsten Urlaub inspirieren<\/p>\n\n\n\n<p class=\"has-small-font-size\">Freuen Sie sich auf wundersch\u00f6ne Buchten und kristallklares Wasser! Baden Sie in der Adria, entspannen Sie an herrlichen Str\u00e4nden und schlemmen Sie sich durch die kroatische K\u00fcche<\/p>\n\n\n\n<div class=\"wp-block-buttons is-layout-flex wp-block-buttons-is-layout-flex\" style=\"margin-top:var(--wp--preset--spacing--medium)\">\n<div class=\"wp-block-button has-custom-width wp-block-button__width-100 lemonsqueezy-button\"><a class=\"wp-block-button__link wp-element-button\" href=\"https:\/\/de.wikipedia.org\/wiki\/kroatien\">weitere Informationen<\/a><\/div>\n<\/div>\n<\/div>\n<\/div>\n<\/div>\n\n\n\n<p><\/p>\n","protected":false},"excerpt":{"rendered":"<p>Kroatien ist ein kleines Land mit unglaublicher Vielfalt und z\u00e4hlt mit seiner K\u00fcste zu den sch\u00f6nsten und abwechslungsreichsten L\u00e4ndern Europas. Es verzaubert und fasziniert zugleich j\u00e4hrlich Millionen von Besucher:innen. Die Republik Kroatien (Republik Hrvatska) ist ein mediterraner, mitteleurop\u00e4ischer Staat und hat ein Gr\u00f6\u00dfe von mehr als 56.000 Quadratkilometern. Als Nachbarl\u00e4nder grenzen Slowenien, Ungarn, Serbien, Bosnien &hellip; <\/p>\n<p class=\"link-more\"><a href=\"https:\/\/jobleo.bplaced.net\/kroatien\/willkommen-dobrodosao\/\" class=\"more-link\">Mehr <span class=\"screen-reader-text\">\u00fcber &#8222;Willkommen &#8211; Dobrodosao&#8220; <\/span>Lesen<\/a><\/p>\n","protected":false},"author":1,"featured_media":10,"parent":0,"menu_order":1,"comment_status":"closed","ping_status":"closed","template":"","meta":{"inspiro_hide_title":false,"footnotes":""},"class_list":["post-112","page","type-page","status-publish","has-post-thumbnail","hentry"],"_links":{"self":[{"href":"https:\/\/jobleo.bplaced.net\/kroatien\/wp-json\/wp\/v2\/pages\/112","targetHints":{"allow":["GET"]}}],"collection":[{"href":"https:\/\/jobleo.bplaced.net\/kroatien\/wp-json\/wp\/v2\/pages"}],"about":[{"href":"https:\/\/jobleo.bplaced.net\/kroatien\/wp-json\/wp\/v2\/types\/page"}],"author":[{"embeddable":true,"href":"https:\/\/jobleo.bplaced.net\/kroatien\/wp-json\/wp\/v2\/users\/1"}],"replies":[{"embeddable":true,"href":"https:\/\/jobleo.bplaced.net\/kroatien\/wp-json\/wp\/v2\/comments?post=112"}],"version-history":[{"count":9,"href":"https:\/\/jobleo.bplaced.net\/kroatien\/wp-json\/wp\/v2\/pages\/112\/revisions"}],"predecessor-version":[{"id":2156,"href":"https:\/\/jobleo.bplaced.net\/kroatien\/wp-json\/wp\/v2\/pages\/112\/revisions\/2156"}],"wp:featuredmedia":[{"embeddable":true,"href":"https:\/\/jobleo.bplaced.net\/kroatien\/wp-json\/wp\/v2\/media\/10"}],"wp:attachment":[{"href":"https:\/\/jobleo.bplaced.net\/kroatien\/wp-json\/wp\/v2\/media?parent=112"}],"curies":[{"name":"wp","href":"https:\/\/api.w.org\/{rel}","templated":true}]}}